{"id":633,"date":"2021-07-30T10:42:46","date_gmt":"2021-07-30T10:42:46","guid":{"rendered":"https:\/\/inquieta.cat\/sentir-pensar-actuar\/"},"modified":"2021-07-30T10:42:46","modified_gmt":"2021-07-30T10:42:46","slug":"sentir-pensar-actuar","status":"publish","type":"page","link":"https:\/\/inquieta.cat\/es\/sentir-pensar-actuar\/","title":{"rendered":"Sentir, pensar, actuar"},"content":{"rendered":"<p>[et_pb_section fb_built=\u00bb1&#8243; _builder_version=\u00bb4.7.3&#8243; _module_preset=\u00bbdefault\u00bb custom_padding=\u00bb15px||20px|||\u00bb saved_tabs=\u00bball\u00bb][et_pb_row _builder_version=\u00bb4.7.3&#8243; _module_preset=\u00bbdefault\u00bb custom_padding=\u00bb12px||11px|||\u00bb][et_pb_column type=\u00bb4_4&#8243; _builder_version=\u00bb4.7.3&#8243; _module_preset=\u00bbdefault\u00bb][et_pb_text _builder_version=\u00bb4.7.3&#8243; _module_preset=\u00bbdefault\u00bb]<\/p>\n<p style=\"text-align: center;\"><a href=\"https:\/\/inquieta.cat\/es\/mochila-de-historias\/\"><span style=\"color: #999999;\">MOCHILA DE HISTORIAS<\/span><\/a>\u00a0<span style=\"color: #999999;\">|\u00a0<a style=\"color: #999999;\" href=\"https:\/\/inquieta.cat\/es\/despertar-jugar-explorar\/\">DESPERTAR, JUGAR, EXPLORAR<\/a>\u00a0|\u00a0<span style=\"color: #3366ff;\"><strong><span style=\"text-decoration: underline;\"><a style=\"color: #3366ff; text-decoration: underline;\" href=\"https:\/\/inquieta.cat\/es\/sentir-pensar-actuar\/\">SENTIR, PENSAR, ACTUAR<\/a><\/span><\/strong><\/span><\/span><\/p>\n<p>[\/et_pb_text][\/et_pb_column][\/et_pb_row][\/et_pb_section][et_pb_section fb_built=\u00bb1&#8243; custom_padding_last_edited=\u00bbon|phone\u00bb _builder_version=\u00bb4.7.3&#8243; _module_preset=\u00bbdefault\u00bb custom_margin=\u00bb||-1px|||\u00bb custom_padding=\u00bb1px|||||\u00bb custom_padding_tablet=\u00bb\u00bb custom_padding_phone=\u00bb0px||||false|false\u00bb][et_pb_row column_structure=\u00bb1_2,1_2&#8243; _builder_version=\u00bb4.7.3&#8243; _module_preset=\u00bbdefault\u00bb][et_pb_column type=\u00bb1_2&#8243; _builder_version=\u00bb4.7.3&#8243; _module_preset=\u00bbdefault\u00bb][et_pb_image src=\u00bbhttps:\/\/inquieta.cat\/wp-content\/uploads\/2020\/11\/3_coneixements_joc.jpg\u00bb title_text=\u00bb3_coneixements_joc\u00bb align=\u00bbcenter\u00bb _builder_version=\u00bb4.7.3&#8243; _module_preset=\u00bbdefault\u00bb width=\u00bb77%\u00bb width_tablet=\u00bb\u00bb width_phone=\u00bb100%\u00bb width_last_edited=\u00bbon|phone\u00bb module_alignment=\u00bbcenter\u00bb][\/et_pb_image][\/et_pb_column][et_pb_column type=\u00bb1_2&#8243; _builder_version=\u00bb4.7.3&#8243; _module_preset=\u00bbdefault\u00bb][et_pb_text _builder_version=\u00bb4.7.3&#8243; _module_preset=\u00bbdefault\u00bb text_font=\u00bbandele||||||||\u00bb text_text_color=\u00bb#424242&#8243; text_font_size=\u00bb25px\u00bb text_line_height=\u00bb1.4em\u00bb header_font=\u00bbandele||||||||\u00bb header_font_size=\u00bb33px\u00bb header_line_height=\u00bb1.6em\u00bb custom_margin=\u00bb||49px|||\u00bb]<\/p>\n<h1>CONOCIMIENTOS EN JUEGO<\/h1>\n<p class=\"p1\">Compartimos aqu<span class=\"s1\">\u00ed <\/span>algunos de los elementos b<span class=\"s1\">\u00e1<\/span>sicos con los que La In.Quieta se pone en marcha<span class=\"s1\">\u2026<\/span><\/p>\n<p>[\/et_pb_text][et_pb_text _builder_version=\u00bb4.7.3&#8243; _module_preset=\u00bbdefault\u00bb hover_enabled=\u00bb0&#8243; module_class=\u00bbpa-bold-highlight\u00bb sticky_enabled=\u00bb0&#8243;]<\/p>\n<h3><strong>SENTIR<\/strong><\/h3>\n<p>Sentir tiene que ver con posibilitar la dimensi\u00f3n est\u00e9tica del ser, la apertura perceptiva y expresiva, facilitando situaciones que permitan formas sensibles de estar, de habitarnos. Un trabajo consciente sobre la calidad de nuestra PRESENCIA.<\/p>\n<p>[\/et_pb_text][et_pb_text _builder_version=\u00bb4.7.3&#8243; _module_preset=\u00bbdefault\u00bb hover_enabled=\u00bb0&#8243; module_class=\u00bbpa-bold-highlight\u00bb sticky_enabled=\u00bb0&#8243;]<\/p>\n<h3><strong>PENSAR<\/strong><\/h3>\n<p>Pensar lo vinculamos con la dimensi\u00f3n \u00e9tica del ser, buscamos lenguajes para comunicarnos, para darnos sentido y construir puentes con lo contiguo a nuestra existencia. Un pensar \u2018en\u2019 y \u2018con\u2019 que implica prestar atenci\u00f3n a los GESTOS que sostienen las palabras.<\/p>\n<p>[\/et_pb_text][et_pb_text _builder_version=\u00bb4.7.3&#8243; _module_preset=\u00bbdefault\u00bb hover_enabled=\u00bb0&#8243; module_class=\u00bbpa-bold-highlight\u00bb sticky_enabled=\u00bb0&#8243;]<\/p>\n<h3><strong>ACTUAR<\/strong><\/h3>\n<p>Actuar tiene que ver con la dimensi\u00f3n pol\u00edtica del ser, reconoci\u00e9ndonos parte de un conjunto, de un mundo en com\u00fan. \u2018\u00bfC\u00f3mo nos ponemos en juego? \u00bfQu\u00e9 RITUALES activamos desde nuestra presencia y nuestros gestos?\u2019 son preguntas dinamizadoras de la compa\u00f1\u00eda LA IN.QUIETA.<\/p>\n<p>[\/et_pb_text][\/et_pb_column][\/et_pb_row][\/et_pb_section][et_pb_section fb_built=\u00bb1&#8243; _builder_version=\u00bb4.7.3&#8243; _module_preset=\u00bbdefault\u00bb custom_padding=\u00bb16px||14px|||\u00bb global_module=\u00bb75&#8243; saved_tabs=\u00bball\u00bb][et_pb_row _builder_version=\u00bb4.7.3&#8243; _module_preset=\u00bbdefault\u00bb custom_padding=\u00bb26px||8px|||\u00bb][et_pb_column type=\u00bb4_4&#8243; _builder_version=\u00bb4.7.3&#8243; _module_preset=\u00bbdefault\u00bb][et_pb_image src=\u00bbhttps:\/\/inquieta.cat\/wp-content\/uploads\/2020\/11\/La-Inquieta.png\u00bb title_text=\u00bbLa Inquieta\u00bb align_tablet=\u00bbcenter\u00bb align_phone=\u00bbcenter\u00bb align_last_edited=\u00bbon|phone\u00bb _builder_version=\u00bb4.7.3&#8243; _module_preset=\u00bbdefault\u00bb width=\u00bb13%\u00bb width_tablet=\u00bb32%\u00bb width_phone=\u00bb50%\u00bb width_last_edited=\u00bbon|phone\u00bb max_width_tablet=\u00bb\u00bb max_width_phone=\u00bb\u00bb max_width_last_edited=\u00bbon|phone\u00bb module_alignment=\u00bbleft\u00bb module_alignment_tablet=\u00bbcenter\u00bb module_alignment_phone=\u00bbcenter\u00bb module_alignment_last_edited=\u00bbon|desktop\u00bb][\/et_pb_image][\/et_pb_column][\/et_pb_row][et_pb_row column_structure=\u00bb1_2,1_2&#8243; _builder_version=\u00bb4.7.3&#8243; _module_preset=\u00bbdefault\u00bb custom_padding=\u00bb15px||15px|||\u00bb][et_pb_column type=\u00bb1_2&#8243; _builder_version=\u00bb4.7.3&#8243; _module_preset=\u00bbdefault\u00bb][et_pb_text _builder_version=\u00bb4.7.3&#8243; _module_preset=\u00bbdefault\u00bb text_font=\u00bbandele||||||||\u00bb custom_margin=\u00bb||3px|||\u00bb text_orientation_tablet=\u00bb\u00bb text_orientation_phone=\u00bbcenter\u00bb text_orientation_last_edited=\u00bbon|phone\u00bb]<\/p>\n<p>LA IN.QUIETA &#8211; Compa\u00f1\u00eda art\u00edstica<\/p>\n<p>[\/et_pb_text][\/et_pb_column][et_pb_column type=\u00bb1_2&#8243; _builder_version=\u00bb4.7.3&#8243; _module_preset=\u00bbdefault\u00bb][et_pb_text content_last_edited=\u00bboff|desktop\u00bb _builder_version=\u00bb4.7.3&#8243; _module_preset=\u00bbdefault\u00bb text_font=\u00bbandele||||||||\u00bb text_line_height=\u00bb2.6em\u00bb text_orientation=\u00bbright\u00bb text_orientation_tablet=\u00bbcenter\u00bb text_orientation_phone=\u00bbcenter\u00bb text_orientation_last_edited=\u00bbon|desktop\u00bb]<\/p>\n<p><a href=\"https:\/\/www.instagram.com\/la_in.quieta\/\" target=\"_blank\" rel=\"noopener noreferrer\"><img loading=\"lazy\" class=\"wp-image-569 alignnone size-medium\" src=\"https:\/\/inquieta.cat\/wp-content\/uploads\/\/2020\/11\/instagram-1.svg\" sizes=\"(max-width: 18px) 100vw, 18px\" srcset=\"https:\/\/inquieta.cat\/wp-content\/uploads\/\/2020\/11\/instagram-1.svg 150w, https:\/\/inquieta.cat\/wp-content\/uploads\/\/2020\/11\/instagram-1.svg 300w, https:\/\/inquieta.cat\/wp-content\/uploads\/\/2020\/11\/instagram-1.svg 1024w, https:\/\/inquieta.cat\/wp-content\/uploads\/\/2020\/11\/instagram-1.svg 20w\" alt=\"\" width=\"18\" height=\"18\" \/><\/a>\u00a0 +34 646 26 09 74\u00a0 \u00a0 \u00a0<a href=\"mailto:info@lainquieta.cat\">info@inquieta.cat<\/a>\u00a0<\/p>\n<p>[\/et_pb_text][\/et_pb_column][\/et_pb_row][\/et_pb_section]<\/p>\n","protected":false},"excerpt":{"rendered":"<p>[et_pb_section fb_built=\u00bb1&#8243; _builder_version=\u00bb4.7.3&#8243; _module_preset=\u00bbdefault\u00bb custom_padding=\u00bb15px||20px|||\u00bb saved_tabs=\u00bball\u00bb][et_pb_row _builder_version=\u00bb4.7.3&#8243; _module_preset=\u00bbdefault\u00bb custom_padding=\u00bb12px||11px|||\u00bb][et_pb_column type=\u00bb4_4&#8243; _builder_version=\u00bb4.7.3&#8243; _module_preset=\u00bbdefault\u00bb][et_pb_text _builder_version=\u00bb4.7.3&#8243; _module_preset=\u00bbdefault\u00bb] MOCHILA DE HISTORIAS\u00a0|\u00a0DESPERTAR, JUGAR, EXPLORAR\u00a0|\u00a0SENTIR, PENSAR, ACTUAR [\/et_pb_text][\/et_pb_column][\/et_pb_row][\/et_pb_section][et_pb_section fb_built=\u00bb1&#8243; custom_padding_last_edited=\u00bbon|phone\u00bb _builder_version=\u00bb4.7.3&#8243; _module_preset=\u00bbdefault\u00bb custom_margin=\u00bb||-1px|||\u00bb custom_padding=\u00bb1px|||||\u00bb custom_padding_tablet=\u00bb\u00bb custom_padding_phone=\u00bb0px||||false|false\u00bb][et_pb_row column_structure=\u00bb1_2,1_2&#8243; _builder_version=\u00bb4.7.3&#8243; _module_preset=\u00bbdefault\u00bb][et_pb_column type=\u00bb1_2&#8243; _builder_version=\u00bb4.7.3&#8243; _module_preset=\u00bbdefault\u00bb][et_pb_image src=\u00bbhttps:\/\/inquieta.cat\/wp-content\/uploads\/2020\/11\/3_coneixements_joc.jpg\u00bb title_text=\u00bb3_coneixements_joc\u00bb align=\u00bbcenter\u00bb _builder_version=\u00bb4.7.3&#8243; _module_preset=\u00bbdefault\u00bb width=\u00bb77%\u00bb width_tablet=\u00bb\u00bb width_phone=\u00bb100%\u00bb width_last_edited=\u00bbon|phone\u00bb module_alignment=\u00bbcenter\u00bb][\/et_pb_image][\/et_pb_column][et_pb_column type=\u00bb1_2&#8243; _builder_version=\u00bb4.7.3&#8243; _module_preset=\u00bbdefault\u00bb][et_pb_text _builder_version=\u00bb4.7.3&#8243; _module_preset=\u00bbdefault\u00bb text_font=\u00bbandele||||||||\u00bb text_text_color=\u00bb#424242&#8243; text_font_size=\u00bb25px\u00bb text_line_height=\u00bb1.4em\u00bb [&hellip;]<\/p>\n","protected":false},"author":1,"featured_media":0,"parent":0,"menu_order":0,"comment_status":"closed","ping_status":"closed","template":"","meta":{"_et_pb_use_builder":"on","_et_pb_old_content":"","_et_gb_content_width":""},"_links":{"self":[{"href":"https:\/\/inquieta.cat\/es\/wp-json\/wp\/v2\/pages\/633"}],"collection":[{"href":"https:\/\/inquieta.cat\/es\/wp-json\/wp\/v2\/pages"}],"about":[{"href":"https:\/\/inquieta.cat\/es\/wp-json\/wp\/v2\/types\/page"}],"author":[{"embeddable":true,"href":"https:\/\/inquieta.cat\/es\/wp-json\/wp\/v2\/users\/1"}],"replies":[{"embeddable":true,"href":"https:\/\/inquieta.cat\/es\/wp-json\/wp\/v2\/comments?post=633"}],"version-history":[{"count":2,"href":"https:\/\/inquieta.cat\/es\/wp-json\/wp\/v2\/pages\/633\/revisions"}],"predecessor-version":[{"id":636,"href":"https:\/\/inquieta.cat\/es\/wp-json\/wp\/v2\/pages\/633\/revisions\/636"}],"wp:attachment":[{"href":"https:\/\/inquieta.cat\/es\/wp-json\/wp\/v2\/media?parent=633"}],"curies":[{"name":"wp","href":"https:\/\/api.w.org\/{rel}","templated":true}]}}