{"id":622,"date":"2021-07-30T10:37:00","date_gmt":"2021-07-30T10:37:00","guid":{"rendered":"https:\/\/inquieta.cat\/mochila-de-historias\/"},"modified":"2021-07-30T10:37:01","modified_gmt":"2021-07-30T10:37:01","slug":"mochila-de-historias","status":"publish","type":"page","link":"https:\/\/inquieta.cat\/es\/mochila-de-historias\/","title":{"rendered":"Mochila de historias"},"content":{"rendered":"<p>[et_pb_section fb_built=\u00bb1&#8243; _builder_version=\u00bb4.7.3&#8243; _module_preset=\u00bbdefault\u00bb custom_padding=\u00bb15px||20px|||\u00bb saved_tabs=\u00bball\u00bb][et_pb_row _builder_version=\u00bb4.7.3&#8243; _module_preset=\u00bbdefault\u00bb custom_padding=\u00bb12px||11px|||\u00bb][et_pb_column type=\u00bb4_4&#8243; _builder_version=\u00bb4.7.3&#8243; _module_preset=\u00bbdefault\u00bb][et_pb_text _builder_version=\u00bb4.7.3&#8243; _module_preset=\u00bbdefault\u00bb]<\/p>\n<p style=\"text-align: center;\"><a href=\"https:\/\/inquieta.cat\/es\/mochila-de-historias\/\"><span style=\"text-decoration: underline;\"><strong><span style=\"color: #3366ff; text-decoration: underline;\">MOCHILA DE HISTORIAS<\/span><\/strong><\/span><\/a>\u00a0<span style=\"color: #999999;\">|\u00a0<a style=\"color: #999999;\" href=\"https:\/\/inquieta.cat\/es\/despertar-jugar-explorar\/\">DESPERTAR, JUGAR, EXPLORAR<\/a>\u00a0|\u00a0<a style=\"color: #999999;\" href=\"https:\/\/inquieta.cat\/es\/sentir-pensar-actuar\/\">SENTIR, PENSAR, ACTUAR<\/a>\u00a0|<\/span><\/p>\n<p>[\/et_pb_text][\/et_pb_column][\/et_pb_row][\/et_pb_section][et_pb_section fb_built=\u00bb1&#8243; custom_padding_last_edited=\u00bbon|phone\u00bb _builder_version=\u00bb4.7.3&#8243; _module_preset=\u00bbdefault\u00bb custom_margin=\u00bb||-1px|||\u00bb custom_padding=\u00bb1px|||||\u00bb custom_padding_tablet=\u00bb\u00bb custom_padding_phone=\u00bb0px||||false|false\u00bb][et_pb_row column_structure=\u00bb1_2,1_2&#8243; _builder_version=\u00bb4.7.3&#8243; _module_preset=\u00bbdefault\u00bb][et_pb_column type=\u00bb1_2&#8243; _builder_version=\u00bb4.7.3&#8243; _module_preset=\u00bbdefault\u00bb][et_pb_image src=\u00bbhttps:\/\/inquieta.cat\/wp-content\/uploads\/2020\/11\/3_coneixements_joc.jpg\u00bb title_text=\u00bbConocimientos en juego\u00bb align=\u00bbcenter\u00bb _builder_version=\u00bb4.7.3&#8243; _module_preset=\u00bbdefault\u00bb width=\u00bb76%\u00bb width_tablet=\u00bb\u00bb width_phone=\u00bb100%\u00bb width_last_edited=\u00bbon|phone\u00bb module_alignment=\u00bbcenter\u00bb hover_enabled=\u00bb0&#8243; alt=\u00bbConocimientos en juego\u00bb sticky_enabled=\u00bb0&#8243;][\/et_pb_image][\/et_pb_column][et_pb_column type=\u00bb1_2&#8243; _builder_version=\u00bb4.7.3&#8243; _module_preset=\u00bbdefault\u00bb][et_pb_text _builder_version=\u00bb4.7.3&#8243; _module_preset=\u00bbdefault\u00bb text_font=\u00bbandele||||||||\u00bb text_text_color=\u00bb#424242&#8243; text_font_size=\u00bb25px\u00bb text_line_height=\u00bb1.4em\u00bb header_font=\u00bbandele||||||||\u00bb header_font_size=\u00bb33px\u00bb header_line_height=\u00bb1.6em\u00bb custom_margin=\u00bb||49px|||\u00bb]<\/p>\n<h1>CONOCIMIENTOS EN JUEGO<\/h1>\n<p>Compartimos aqu\u00ed algunos de los elementos b\u00e1sicos con los que La In.Quieta se pone en marcha\u2026<\/p>\n<p>[\/et_pb_text][et_pb_text module_class=\u00bbpa-bold-highlight\u00bb _builder_version=\u00bb4.7.3&#8243; _module_preset=\u00bbdefault\u00bb]<\/p>\n<h3><strong>MOCHILA DE HISTORIAS<\/strong><\/h3>\n<p>\u2018Reescribiendo entre cuerpos\u2019 invitamos a que cada persona escuche los relatos con los que construye su identidad, para poder abrir espacios de interrogaci\u00f3n desde uno mismo. Escuchando las propias fisuras como brechas para explorar el mundo.<\/p>\n<p>[\/et_pb_text][et_pb_text module_class=\u00bbpa-bold-highlight\u00bb _builder_version=\u00bb4.7.3&#8243; _module_preset=\u00bbdefault\u00bb]<\/p>\n<h3><strong>EXTRA\u00d1AR LA MIRADA<\/strong><\/h3>\n<p>Extra\u00f1ar la mirada para encontrar nuevas historias detr\u00e1s de lo aparente, de lo familiar&#8230; Reescribimos los relatos que nos hacen explorando situaciones habituales mediante lenguajes art\u00edsticos. Buscamos informaci\u00f3n sobre lo que exploramos sin permitir que demasiadas palabras nos asfixien; preferimos escuchar tambi\u00e9n qu\u00e9 nos dice el cuerpo, desde su memoria, desde sus vivencias y resonancias, en sus m\u00faltiples manifestaciones.<\/p>\n<p>[\/et_pb_text][et_pb_text module_class=\u00bbpa-bold-highlight\u00bb _builder_version=\u00bb4.7.3&#8243; _module_preset=\u00bbdefault\u00bb hover_enabled=\u00bb0&#8243; header_3_line_height=\u00bb1.7em\u00bb sticky_enabled=\u00bb0&#8243;]<\/p>\n<h3><strong>CONVERSAR CON DESCONOCIDOS<\/strong><\/h3>\n<p>Conversar con desconocidos como punto de llegada, como lugar de expansi\u00f3n del camino recorrido. Nos preguntamos \u2018\u00bfC\u00f3mo compartimos nuestras investigaciones con otros?\u2019. Cada participante cuenta su historia de investigaci\u00f3n como relato corporal singular y colectivo. Cada exploraci\u00f3n desemboca en una puesta en escena \u00fanica que invita a otros a entrar en di\u00e1logo con lo que hemos explorado. Buscamos generar derivas de la experiencia de exploraci\u00f3n compartida hacia nuevos contextos, abriendo otros caminos po(e)sibles. Permitiendo la expansi\u00f3n y la transformaci\u00f3n del conocimiento.<\/p>\n<p>[\/et_pb_text][\/et_pb_column][\/et_pb_row][\/et_pb_section][et_pb_section fb_built=\u00bb1&#8243; _builder_version=\u00bb4.7.3&#8243; _module_preset=\u00bbdefault\u00bb custom_padding=\u00bb16px||14px|||\u00bb global_module=\u00bb75&#8243; saved_tabs=\u00bball\u00bb][et_pb_row _builder_version=\u00bb4.7.3&#8243; _module_preset=\u00bbdefault\u00bb custom_padding=\u00bb26px||8px|||\u00bb][et_pb_column type=\u00bb4_4&#8243; _builder_version=\u00bb4.7.3&#8243; _module_preset=\u00bbdefault\u00bb][et_pb_image src=\u00bbhttps:\/\/inquieta.cat\/wp-content\/uploads\/2020\/11\/La-Inquieta.png\u00bb title_text=\u00bbLa Inquieta\u00bb align_tablet=\u00bbcenter\u00bb align_phone=\u00bbcenter\u00bb align_last_edited=\u00bbon|phone\u00bb _builder_version=\u00bb4.7.3&#8243; _module_preset=\u00bbdefault\u00bb width=\u00bb13%\u00bb width_tablet=\u00bb32%\u00bb width_phone=\u00bb50%\u00bb width_last_edited=\u00bbon|phone\u00bb max_width_tablet=\u00bb\u00bb max_width_phone=\u00bb\u00bb max_width_last_edited=\u00bbon|phone\u00bb module_alignment=\u00bbleft\u00bb module_alignment_tablet=\u00bbcenter\u00bb module_alignment_phone=\u00bbcenter\u00bb module_alignment_last_edited=\u00bbon|desktop\u00bb][\/et_pb_image][\/et_pb_column][\/et_pb_row][et_pb_row column_structure=\u00bb1_2,1_2&#8243; _builder_version=\u00bb4.7.3&#8243; _module_preset=\u00bbdefault\u00bb custom_padding=\u00bb15px||15px|||\u00bb][et_pb_column type=\u00bb1_2&#8243; _builder_version=\u00bb4.7.3&#8243; _module_preset=\u00bbdefault\u00bb][et_pb_text _builder_version=\u00bb4.7.3&#8243; _module_preset=\u00bbdefault\u00bb text_font=\u00bbandele||||||||\u00bb custom_margin=\u00bb||3px|||\u00bb text_orientation_tablet=\u00bb\u00bb text_orientation_phone=\u00bbcenter\u00bb text_orientation_last_edited=\u00bbon|phone\u00bb]<\/p>\n<p>LA IN.QUIETA &#8211; Compa\u00f1\u00eda art\u00edstica<\/p>\n<p>[\/et_pb_text][\/et_pb_column][et_pb_column type=\u00bb1_2&#8243; _builder_version=\u00bb4.7.3&#8243; _module_preset=\u00bbdefault\u00bb][et_pb_text content_last_edited=\u00bboff|desktop\u00bb _builder_version=\u00bb4.7.3&#8243; _module_preset=\u00bbdefault\u00bb text_font=\u00bbandele||||||||\u00bb text_line_height=\u00bb2.6em\u00bb text_orientation=\u00bbright\u00bb text_orientation_tablet=\u00bbcenter\u00bb text_orientation_phone=\u00bbcenter\u00bb text_orientation_last_edited=\u00bbon|desktop\u00bb]<\/p>\n<p><a href=\"https:\/\/www.instagram.com\/la_in.quieta\/\" target=\"_blank\" rel=\"noopener noreferrer\"><img loading=\"lazy\" class=\"wp-image-569 alignnone size-medium\" src=\"https:\/\/inquieta.cat\/wp-content\/uploads\/\/2020\/11\/instagram-1.svg\" sizes=\"(max-width: 18px) 100vw, 18px\" srcset=\"https:\/\/inquieta.cat\/wp-content\/uploads\/\/2020\/11\/instagram-1.svg 150w, https:\/\/inquieta.cat\/wp-content\/uploads\/\/2020\/11\/instagram-1.svg 300w, https:\/\/inquieta.cat\/wp-content\/uploads\/\/2020\/11\/instagram-1.svg 1024w, https:\/\/inquieta.cat\/wp-content\/uploads\/\/2020\/11\/instagram-1.svg 20w\" alt=\"\" width=\"18\" height=\"18\" \/><\/a>\u00a0 +34 646 26 09 74\u00a0 \u00a0 \u00a0<a href=\"mailto:info@lainquieta.cat\">info@inquieta.cat<\/a>\u00a0<\/p>\n<p>[\/et_pb_text][\/et_pb_column][\/et_pb_row][\/et_pb_section]<\/p>\n","protected":false},"excerpt":{"rendered":"<p>[et_pb_section fb_built=\u00bb1&#8243; _builder_version=\u00bb4.7.3&#8243; _module_preset=\u00bbdefault\u00bb custom_padding=\u00bb15px||20px|||\u00bb saved_tabs=\u00bball\u00bb][et_pb_row _builder_version=\u00bb4.7.3&#8243; _module_preset=\u00bbdefault\u00bb custom_padding=\u00bb12px||11px|||\u00bb][et_pb_column type=\u00bb4_4&#8243; _builder_version=\u00bb4.7.3&#8243; _module_preset=\u00bbdefault\u00bb][et_pb_text _builder_version=\u00bb4.7.3&#8243; _module_preset=\u00bbdefault\u00bb] MOCHILA DE HISTORIAS\u00a0|\u00a0DESPERTAR, JUGAR, EXPLORAR\u00a0|\u00a0SENTIR, PENSAR, ACTUAR\u00a0| [\/et_pb_text][\/et_pb_column][\/et_pb_row][\/et_pb_section][et_pb_section fb_built=\u00bb1&#8243; custom_padding_last_edited=\u00bbon|phone\u00bb _builder_version=\u00bb4.7.3&#8243; _module_preset=\u00bbdefault\u00bb custom_margin=\u00bb||-1px|||\u00bb custom_padding=\u00bb1px|||||\u00bb custom_padding_tablet=\u00bb\u00bb custom_padding_phone=\u00bb0px||||false|false\u00bb][et_pb_row column_structure=\u00bb1_2,1_2&#8243; _builder_version=\u00bb4.7.3&#8243; _module_preset=\u00bbdefault\u00bb][et_pb_column type=\u00bb1_2&#8243; _builder_version=\u00bb4.7.3&#8243; _module_preset=\u00bbdefault\u00bb][et_pb_image src=\u00bbhttps:\/\/inquieta.cat\/wp-content\/uploads\/2020\/11\/3_coneixements_joc.jpg\u00bb title_text=\u00bbConocimientos en juego\u00bb align=\u00bbcenter\u00bb _builder_version=\u00bb4.7.3&#8243; _module_preset=\u00bbdefault\u00bb width=\u00bb76%\u00bb width_tablet=\u00bb\u00bb width_phone=\u00bb100%\u00bb width_last_edited=\u00bbon|phone\u00bb module_alignment=\u00bbcenter\u00bb hover_enabled=\u00bb0&#8243; alt=\u00bbConocimientos en juego\u00bb sticky_enabled=\u00bb0&#8243;][\/et_pb_image][\/et_pb_column][et_pb_column type=\u00bb1_2&#8243; _builder_version=\u00bb4.7.3&#8243; [&hellip;]<\/p>\n","protected":false},"author":1,"featured_media":0,"parent":0,"menu_order":0,"comment_status":"closed","ping_status":"closed","template":"","meta":{"_et_pb_use_builder":"on","_et_pb_old_content":"","_et_gb_content_width":""},"_links":{"self":[{"href":"https:\/\/inquieta.cat\/es\/wp-json\/wp\/v2\/pages\/622"}],"collection":[{"href":"https:\/\/inquieta.cat\/es\/wp-json\/wp\/v2\/pages"}],"about":[{"href":"https:\/\/inquieta.cat\/es\/wp-json\/wp\/v2\/types\/page"}],"author":[{"embeddable":true,"href":"https:\/\/inquieta.cat\/es\/wp-json\/wp\/v2\/users\/1"}],"replies":[{"embeddable":true,"href":"https:\/\/inquieta.cat\/es\/wp-json\/wp\/v2\/comments?post=622"}],"version-history":[{"count":4,"href":"https:\/\/inquieta.cat\/es\/wp-json\/wp\/v2\/pages\/622\/revisions"}],"predecessor-version":[{"id":627,"href":"https:\/\/inquieta.cat\/es\/wp-json\/wp\/v2\/pages\/622\/revisions\/627"}],"wp:attachment":[{"href":"https:\/\/inquieta.cat\/es\/wp-json\/wp\/v2\/media?parent=622"}],"curies":[{"name":"wp","href":"https:\/\/api.w.org\/{rel}","templated":true}]}}