{"id":615,"date":"2021-07-30T10:29:56","date_gmt":"2021-07-30T10:29:56","guid":{"rendered":"https:\/\/inquieta.cat\/como-participar\/"},"modified":"2021-08-02T08:14:01","modified_gmt":"2021-08-02T08:14:01","slug":"como-participar","status":"publish","type":"page","link":"https:\/\/inquieta.cat\/es\/como-participar\/","title":{"rendered":"Como participar?"},"content":{"rendered":"<p>[et_pb_section fb_built=\u00bb1&#8243; custom_padding_last_edited=\u00bbon|phone\u00bb _builder_version=\u00bb4.7.3&#8243; _module_preset=\u00bbdefault\u00bb custom_margin=\u00bb||-1px|||\u00bb custom_padding_tablet=\u00bb\u00bb custom_padding_phone=\u00bb0px||||false|false\u00bb][et_pb_row column_structure=\u00bb1_2,1_2&#8243; _builder_version=\u00bb4.7.3&#8243; _module_preset=\u00bbdefault\u00bb][et_pb_column type=\u00bb1_2&#8243; _builder_version=\u00bb4.7.3&#8243; _module_preset=\u00bbdefault\u00bb][et_pb_image src=\u00bbhttps:\/\/inquieta.cat\/wp-content\/uploads\/2020\/11\/2com_participar1png.png\u00bb title_text=\u00bb2com_participar1png\u00bb align=\u00bbcenter\u00bb _builder_version=\u00bb4.7.3&#8243; _module_preset=\u00bbdefault\u00bb width=\u00bb76%\u00bb module_alignment=\u00bbcenter\u00bb][\/et_pb_image][et_pb_image src=\u00bbhttps:\/\/inquieta.cat\/wp-content\/uploads\/2020\/11\/la-inquieta1.jpg\u00bb title_text=\u00bb2com_participar1png\u00bb align=\u00bbcenter\u00bb _builder_version=\u00bb4.7.3&#8243; _module_preset=\u00bbdefault\u00bb width=\u00bb76%\u00bb module_alignment=\u00bbcenter\u00bb hover_enabled=\u00bb0&#8243; alt=\u00bbPresentaci\u00f3n la IN.QUIETA\u00bb sticky_enabled=\u00bb0&#8243;][\/et_pb_image][\/et_pb_column][et_pb_column type=\u00bb1_2&#8243; _builder_version=\u00bb4.7.3&#8243; _module_preset=\u00bbdefault\u00bb][et_pb_text module_class=\u00bbpa-bold-highlight\u00bb _builder_version=\u00bb4.7.3&#8243; _module_preset=\u00bbdefault\u00bb text_font=\u00bbandele||||||||\u00bb text_text_color=\u00bb#424242&#8243; header_font=\u00bbandele||||||||\u00bb header_font_size=\u00bb33px\u00bb header_line_height=\u00bb1.4em\u00bb header_3_line_height_tablet=\u00bb\u00bb header_3_line_height_phone=\u00bb1.7em\u00bb header_3_line_height_last_edited=\u00bbon|phone\u00bb]<\/p>\n<h1>ESCENARIOS ITINERANTES Y COLABORACIONES PUNTUALES<\/h1>\n<h1>\u00a0<\/h1>\n<h1>\u00a0<\/h1>\n<h2>\u00bfC\u00f3mo participar a la IN.QUIETA?<\/h2>\n<h1>\u00a0<\/h1>\n<h3><strong>1.ACCIONES IN.QUIETANTES<\/strong><\/h3>\n<p>Convocatorias puntuales de situaciones colectivas impulsadas por La In.Quieta, a partir de la lectura de contextos contempor\u00e1neos convulsos y propuestas performativas para entrar en di\u00e1logo.<\/p>\n<h3>\u00a0<\/h3>\n<h3>\u00a0<\/h3>\n<h3><strong>2.HACER UNA IN.QUIETA<\/strong><\/h3>\n<p class=\"p1\">Proceso creativo sobre un tema de exploraci<span class=\"s1\">\u00f3<\/span>n, en un espacio concreto y con colaboraciones puntuales de otras personas\/colectivos afines al tema de investigaci<span class=\"s1\">\u00f3<\/span>n. Temporalidad pactada seg<span class=\"s1\">\u00fa<\/span>n el caso y articulaci<span class=\"s1\">\u00f3<\/span>n orientativa en tres fases:<\/p>\n<p class=\"p1\"><strong>PROVOCACI<span class=\"s1\">\u00d3<\/span>N INICIAL:<\/strong> A trav<span class=\"s1\">\u00e9<\/span>s de un ejercicio en com<span class=\"s1\">\u00fa<\/span>n los participantes entramos en sinton<span class=\"s1\">\u00ed<\/span>a con el tema de exploraci<span class=\"s1\">\u00f3<\/span>n; ya sea compartiendo una lectura, o cualquier otro est<span class=\"s1\">\u00ed<\/span>mulo que nos permita empezar a interrogarnos desde nuestras propias mochilas de historias.<\/p>\n<p class=\"p1\"><strong>ENCUENTRO:<\/strong> Nos encontramos en un espacio concreto para poner en com<span class=\"s1\">\u00fa<\/span>n las primeras impresiones y revelar nuevas resonancias reescribiendo entre cuerpos. Generamos acciones in.quietantes para compartir el trabajo interno con otras personas y contextos.<\/p>\n<p class=\"p1\"><strong>CAMINOS PO(E)SIBLES:<\/strong> El reto que propone La In.Quieta es mover saberes y facilitar procesos de acompa<span class=\"s1\">\u00f1<\/span>amiento para que cada participante eclosione desde sus potencias en su contexto particular. La In.Quieta se compromete a seguir y asesorar los nuevos caminos que abran los participantes en otros lugares.\u00a0<\/p>\n<h3>\u00a0<\/h3>\n<h3>\u00a0<\/h3>\n<h3>\u00a0<\/h3>\n<h3><strong>3. FORMACI\u00d3N IN.QUIETA<\/strong><\/h3>\n<p class=\"p1\">La participaci<span class=\"s1\">\u00f3<\/span>n en las propuestas que lanzamos ya implica de por s<span class=\"s1\">\u00ed <\/span>conocer y aprender las din<span class=\"s1\">\u00e1<\/span>micas de La In.Quieta, pero a parte, ofrecemos la posibilidad de dar cursos a demanda sobre la metodolog<span class=\"s1\">\u00ed<\/span>a de <span style=\"text-decoration: underline;\"><a href=\"https:\/\/casavoladora.wordpress.com\/reescribirentrecuerpos\/\"><span class=\"s2\">Reescribir entre cuerpos<\/span><\/a><\/span> atendiendo a necesidades espec<span class=\"s1\">\u00ed<\/span>ficas de quien pide la formaci<span class=\"s1\">\u00f3<\/span>n.<\/p>\n<p>&nbsp;<\/p>\n<p>&nbsp;<\/p>\n<p>[\/et_pb_text][\/et_pb_column][\/et_pb_row][et_pb_row column_structure=\u00bb1_2,1_2&#8243; _builder_version=\u00bb4.7.3&#8243; _module_preset=\u00bbdefault\u00bb][et_pb_column type=\u00bb1_2&#8243; _builder_version=\u00bb4.7.3&#8243; _module_preset=\u00bbdefault\u00bb][et_pb_text _builder_version=\u00bb4.7.3&#8243; _module_preset=\u00bbdefault\u00bb text_font_size=\u00bb25px\u00bb text_line_height=\u00bb1.5em\u00bb background_color=\u00bb#f5f5f5&#8243; custom_padding=\u00bb10%|4%|10%|4%|true|true\u00bb custom_padding_tablet=\u00bb9%||9%||true|false\u00bb custom_padding_phone=\u00bb11%|2%|11%|2%|true|true\u00bb custom_padding_last_edited=\u00bbon|desktop\u00bb text_font_size_tablet=\u00bb27px\u00bb text_font_size_phone=\u00bb15px\u00bb text_font_size_last_edited=\u00bbon|phone\u00bb border_radii=\u00bbon|12px|12px|12px|12px\u00bb]<\/p>\n<p style=\"text-align: center;\">Tambi\u00e9n puedes consultar la AGENDA IN.QUIETANTE y las CR\u00d3NICAS IN.QUIETAS para inspirarte.<\/p>\n<p style=\"text-align: center;\"><a href=\"https:\/\/inquieta.cat\/es\/agenda-in-quietante\/\"><span style=\"text-decoration: underline;\">VER AGENDA<\/span><\/a><\/p>\n<p>[\/et_pb_text][\/et_pb_column][et_pb_column type=\u00bb1_2&#8243; _builder_version=\u00bb4.7.3&#8243; _module_preset=\u00bbdefault\u00bb][et_pb_text _builder_version=\u00bb4.7.3&#8243; _module_preset=\u00bbdefault\u00bb text_font_size=\u00bb25px\u00bb text_line_height=\u00bb1.5em\u00bb background_color=\u00bb#f5f5f5&#8243; custom_padding=\u00bb10%|4%|10%|4%|true|true\u00bb custom_padding_tablet=\u00bb9%||9%||true|false\u00bb custom_padding_phone=\u00bb11%|2%|11%|2%|true|true\u00bb custom_padding_last_edited=\u00bbon|desktop\u00bb text_font_size_tablet=\u00bb27px\u00bb text_font_size_phone=\u00bb15px\u00bb text_font_size_last_edited=\u00bbon|phone\u00bb border_radii=\u00bbon|12px|12px|12px|12px\u00bb]<\/p>\n<p style=\"text-align: center;\">Si te suena alguna de estas rutas, ESCR\u00cdBENOS y lo pensamos juntas.<\/p>\n<p style=\"text-align: center;\"><span style=\"text-decoration: underline;\"><a href=\"mailto:info@inquieta.cat\">info@inquieta.cat<\/a><\/span><\/p>\n<p>[\/et_pb_text][\/et_pb_column][\/et_pb_row][\/et_pb_section][et_pb_section fb_built=\u00bb1&#8243; _builder_version=\u00bb4.7.3&#8243; _module_preset=\u00bbdefault\u00bb custom_padding=\u00bb15px||14px|||\u00bb global_module=\u00bb75&#8243; saved_tabs=\u00bball\u00bb][et_pb_row _builder_version=\u00bb4.7.3&#8243; _module_preset=\u00bbdefault\u00bb custom_padding=\u00bb26px||8px|||\u00bb][et_pb_column type=\u00bb4_4&#8243; _builder_version=\u00bb4.7.3&#8243; _module_preset=\u00bbdefault\u00bb][et_pb_image src=\u00bbhttps:\/\/inquieta.cat\/wp-content\/uploads\/2020\/11\/La-Inquieta.png\u00bb title_text=\u00bbLa Inquieta\u00bb align_tablet=\u00bbcenter\u00bb align_phone=\u00bbcenter\u00bb align_last_edited=\u00bbon|phone\u00bb _builder_version=\u00bb4.7.3&#8243; _module_preset=\u00bbdefault\u00bb width=\u00bb13%\u00bb width_tablet=\u00bb32%\u00bb width_phone=\u00bb50%\u00bb width_last_edited=\u00bbon|phone\u00bb max_width_tablet=\u00bb\u00bb max_width_phone=\u00bb\u00bb max_width_last_edited=\u00bbon|phone\u00bb module_alignment=\u00bbleft\u00bb module_alignment_tablet=\u00bbcenter\u00bb module_alignment_phone=\u00bbcenter\u00bb module_alignment_last_edited=\u00bbon|desktop\u00bb][\/et_pb_image][\/et_pb_column][\/et_pb_row][et_pb_row column_structure=\u00bb1_2,1_2&#8243; _builder_version=\u00bb4.7.3&#8243; _module_preset=\u00bbdefault\u00bb custom_padding=\u00bb15px||15px|||\u00bb][et_pb_column type=\u00bb1_2&#8243; _builder_version=\u00bb4.7.3&#8243; _module_preset=\u00bbdefault\u00bb][et_pb_text _builder_version=\u00bb4.7.3&#8243; _module_preset=\u00bbdefault\u00bb text_font=\u00bbandele||||||||\u00bb custom_margin=\u00bb||3px|||\u00bb text_orientation_tablet=\u00bb\u00bb text_orientation_phone=\u00bbcenter\u00bb text_orientation_last_edited=\u00bbon|phone\u00bb]<\/p>\n<p>LA IN.QUIETA &#8211; Compa\u00f1\u00eda art\u00edstica<\/p>\n<p>[\/et_pb_text][\/et_pb_column][et_pb_column type=\u00bb1_2&#8243; _builder_version=\u00bb4.7.3&#8243; _module_preset=\u00bbdefault\u00bb][et_pb_text content_last_edited=\u00bboff|desktop\u00bb _builder_version=\u00bb4.7.3&#8243; _module_preset=\u00bbdefault\u00bb text_font=\u00bbandele||||||||\u00bb text_line_height=\u00bb2.6em\u00bb text_orientation=\u00bbright\u00bb text_orientation_tablet=\u00bbcenter\u00bb text_orientation_phone=\u00bbcenter\u00bb text_orientation_last_edited=\u00bbon|desktop\u00bb]<\/p>\n<p><a href=\"https:\/\/www.instagram.com\/la_in.quieta\/\" target=\"_blank\" rel=\"noopener noreferrer\"><img loading=\"lazy\" class=\"wp-image-569 alignnone size-medium\" src=\"https:\/\/inquieta.cat\/wp-content\/uploads\/\/2020\/11\/instagram-1.svg\" alt=\"\" width=\"18\" height=\"18\" srcset=\"https:\/\/inquieta.cat\/wp-content\/uploads\/\/2020\/11\/instagram-1.svg 150w, https:\/\/inquieta.cat\/wp-content\/uploads\/\/2020\/11\/instagram-1.svg 300w, https:\/\/inquieta.cat\/wp-content\/uploads\/\/2020\/11\/instagram-1.svg 1024w, https:\/\/inquieta.cat\/wp-content\/uploads\/\/2020\/11\/instagram-1.svg 20w\" sizes=\"(max-width: 18px) 100vw, 18px\" \/><\/a>\u00a0 +34 646 26 09 74\u00a0 \u00a0 \u00a0<a href=\"mailto:info@lainquieta.cat\">info@inquieta.cat<\/a><span style=\"font-size: 14px;\">\u00a0<\/span><\/p>\n<p>[\/et_pb_text][\/et_pb_column][\/et_pb_row][\/et_pb_section]<\/p>\n","protected":false},"excerpt":{"rendered":"<p>[et_pb_section fb_built=\u00bb1&#8243; custom_padding_last_edited=\u00bbon|phone\u00bb _builder_version=\u00bb4.7.3&#8243; _module_preset=\u00bbdefault\u00bb custom_margin=\u00bb||-1px|||\u00bb custom_padding_tablet=\u00bb\u00bb custom_padding_phone=\u00bb0px||||false|false\u00bb][et_pb_row column_structure=\u00bb1_2,1_2&#8243; _builder_version=\u00bb4.7.3&#8243; _module_preset=\u00bbdefault\u00bb][et_pb_column type=\u00bb1_2&#8243; _builder_version=\u00bb4.7.3&#8243; _module_preset=\u00bbdefault\u00bb][et_pb_image src=\u00bbhttps:\/\/inquieta.cat\/wp-content\/uploads\/2020\/11\/2com_participar1png.png\u00bb title_text=\u00bb2com_participar1png\u00bb align=\u00bbcenter\u00bb _builder_version=\u00bb4.7.3&#8243; _module_preset=\u00bbdefault\u00bb width=\u00bb76%\u00bb module_alignment=\u00bbcenter\u00bb][\/et_pb_image][et_pb_image src=\u00bbhttps:\/\/inquieta.cat\/wp-content\/uploads\/2020\/11\/la-inquieta1.jpg\u00bb title_text=\u00bb2com_participar1png\u00bb align=\u00bbcenter\u00bb _builder_version=\u00bb4.7.3&#8243; _module_preset=\u00bbdefault\u00bb width=\u00bb76%\u00bb module_alignment=\u00bbcenter\u00bb hover_enabled=\u00bb0&#8243; alt=\u00bbPresentaci\u00f3n la IN.QUIETA\u00bb sticky_enabled=\u00bb0&#8243;][\/et_pb_image][\/et_pb_column][et_pb_column type=\u00bb1_2&#8243; _builder_version=\u00bb4.7.3&#8243; _module_preset=\u00bbdefault\u00bb][et_pb_text module_class=\u00bbpa-bold-highlight\u00bb _builder_version=\u00bb4.7.3&#8243; _module_preset=\u00bbdefault\u00bb text_font=\u00bbandele||||||||\u00bb text_text_color=\u00bb#424242&#8243; header_font=\u00bbandele||||||||\u00bb header_font_size=\u00bb33px\u00bb header_line_height=\u00bb1.4em\u00bb header_3_line_height_tablet=\u00bb\u00bb header_3_line_height_phone=\u00bb1.7em\u00bb header_3_line_height_last_edited=\u00bbon|phone\u00bb] ESCENARIOS ITINERANTES Y COLABORACIONES PUNTUALES \u00a0 \u00a0 \u00bfC\u00f3mo [&hellip;]<\/p>\n","protected":false},"author":1,"featured_media":0,"parent":0,"menu_order":0,"comment_status":"closed","ping_status":"closed","template":"","meta":{"_et_pb_use_builder":"on","_et_pb_old_content":"","_et_gb_content_width":""},"_links":{"self":[{"href":"https:\/\/inquieta.cat\/es\/wp-json\/wp\/v2\/pages\/615"}],"collection":[{"href":"https:\/\/inquieta.cat\/es\/wp-json\/wp\/v2\/pages"}],"about":[{"href":"https:\/\/inquieta.cat\/es\/wp-json\/wp\/v2\/types\/page"}],"author":[{"embeddable":true,"href":"https:\/\/inquieta.cat\/es\/wp-json\/wp\/v2\/users\/1"}],"replies":[{"embeddable":true,"href":"https:\/\/inquieta.cat\/es\/wp-json\/wp\/v2\/comments?post=615"}],"version-history":[{"count":8,"href":"https:\/\/inquieta.cat\/es\/wp-json\/wp\/v2\/pages\/615\/revisions"}],"predecessor-version":[{"id":663,"href":"https:\/\/inquieta.cat\/es\/wp-json\/wp\/v2\/pages\/615\/revisions\/663"}],"wp:attachment":[{"href":"https:\/\/inquieta.cat\/es\/wp-json\/wp\/v2\/media?parent=615"}],"curies":[{"name":"wp","href":"https:\/\/api.w.org\/{rel}","templated":true}]}}