{"id":610,"date":"2021-07-30T10:07:50","date_gmt":"2021-07-30T10:07:50","guid":{"rendered":"https:\/\/inquieta.cat\/presentacion\/"},"modified":"2021-08-02T08:21:27","modified_gmt":"2021-08-02T08:21:27","slug":"presentacion","status":"publish","type":"page","link":"https:\/\/inquieta.cat\/es\/presentacion\/","title":{"rendered":"Presentaci\u00f3n"},"content":{"rendered":"<p>[et_pb_section fb_built=\u00bb1&#8243; custom_padding_last_edited=\u00bbon|phone\u00bb _builder_version=\u00bb4.7.3&#8243; _module_preset=\u00bbdefault\u00bb custom_margin=\u00bb||-1px|||\u00bb custom_padding_tablet=\u00bb\u00bb custom_padding_phone=\u00bb0px||||false|false\u00bb][et_pb_row column_structure=\u00bb1_2,1_2&#8243; _builder_version=\u00bb4.7.3&#8243; _module_preset=\u00bbdefault\u00bb][et_pb_column type=\u00bb1_2&#8243; _builder_version=\u00bb4.7.3&#8243; _module_preset=\u00bbdefault\u00bb]<\/p>\n<p>[et_pb_video src=\u00bbhttps:\/\/youtu.be\/-nKYNLw4q6E\u00bb _builder_version=\u00bb4.7.3&#8243; _module_preset=\u00bbdefault\u00bb hover_enabled=\u00bb0&#8243; sticky_enabled=\u00bb0&#8243;][\/et_pb_video]<\/p>\n<p>[\/et_pb_column][et_pb_column type=\u00bb1_2&#8243; _builder_version=\u00bb4.7.3&#8243; _module_preset=\u00bbdefault\u00bb][et_pb_text module_class=\u00bbpa-bold-highlight\u00bb _builder_version=\u00bb4.7.3&#8243; _module_preset=\u00bbdefault\u00bb text_font=\u00bbandele||||||||\u00bb text_text_color=\u00bb#424242&#8243; header_font=\u00bbandele||||||||\u00bb header_font_size=\u00bb33px\u00bb header_line_height=\u00bb1.6em\u00bb header_3_line_height=\u00bb1.9em\u00bb]<\/p>\n<h1>PRESENTACI\u00d3N<\/h1>\n<p class=\"p1\">LA IN.QUIETA es una compa<span class=\"s1\">\u00f1\u00ed<\/span>a art<span class=\"s1\">\u00ed<\/span>stica, impulsada y coordinada por <a href=\"https:\/\/inquieta.cat\/es\/noemi-duran\/\"><span style=\"text-decoration: underline;\">Noem\u00ed Duran<\/span><\/a>, que ensaya maneras de poner <span style=\"text-decoration: underline;\"><a href=\"https:\/\/inquieta.cat\/es\/sentir-pensar-actuar\/\">en juego conocimientos<\/a><\/span>, explorando <span style=\"text-decoration: underline;\"><a href=\"https:\/\/inquieta.cat\/es\/como-participar\/\">escenarios itinerantes y colaboraciones puntuales.<\/a><\/span> De base performativa, el trabajo que se propone sigue la metodolog<span class=\"s1\">\u00ed<\/span>a de <span style=\"text-decoration: underline;\"><a href=\"https:\/\/casavoladora.wordpress.com\/reescribirentrecuerpos\/\"><span class=\"s2\">Reescribir entre cuerpos caminos po(e)sibles<\/span><\/a><\/span> donde la sensibilidad y el pensamiento van de la mano para abrir espacios de <span style=\"text-decoration: underline;\"><a href=\"https:\/\/casavoladora.wordpress.com\/la-pluriversidad\/\"><span class=\"s1\">Pluriversidad.<\/span><\/a><\/span><\/p>\n<p>&nbsp;<\/p>\n<p>&nbsp;<\/p>\n<h3><strong>PUNTOS IN.QUIETANTES DE LA COMPA\u00d1\u00cdA<\/strong><\/h3>\n<ul class=\"ul1\">\n<li class=\"li1\">Nos gusta escuchar el imprevisto y trabajar con quien se apunte seg<span class=\"s1\">\u00fa<\/span>n la movida.<\/li>\n<\/ul>\n<ul class=\"ul1\">\n<li class=\"li1\">Ofrecemos mirada amplias, cruzando disciplinas, lenguajes y realidades.<\/li>\n<\/ul>\n<ul class=\"ul1\">\n<li class=\"li1\">Reivindicamos la escucha profunda, dando protagonismo al sentir.<\/li>\n<\/ul>\n<ul class=\"ul1\">\n<li class=\"li1\">Exploramos desde el cuerpo en movimiento y en relaci<span class=\"s1\">\u00f3<\/span>n, trascendiendo las l<span class=\"s1\">\u00f3<\/span>gicas racionales y experimentando con la intuici<span class=\"s1\">\u00f3<\/span>n.<\/li>\n<\/ul>\n<ul class=\"ul1\">\n<li class=\"li1\">Creemos en el arte como un gesto m<span class=\"s1\">\u00e1<\/span>gico para leer y crear el mundo simb<span class=\"s1\">\u00f3<\/span>lico que caracteriza a los humanos.<\/li>\n<\/ul>\n<ul class=\"ul1\">\n<li class=\"li1\">Queremos dejar semillas educativas que se expandan por los lugares donde pasamos.<\/li>\n<\/ul>\n<ul class=\"ul1\">\n<li class=\"li1\">Nos gusta pasarlo bien y trabajar sintiendo armon<span class=\"s1\">\u00ed<\/span>a y confianza.<\/li>\n<\/ul>\n<ul class=\"ul1\">\n<li class=\"li1\">Consideramos que pensar es un acto creativo, y por eso procuramos que las manifestaciones art<span class=\"s1\">\u00ed<\/span>sticas vayan acompa<span class=\"s1\">\u00f1<\/span>adas de pensamiento in.quietante.\u00a0<\/li>\n<\/ul>\n<p>[\/et_pb_text][\/et_pb_column][\/et_pb_row][\/et_pb_section][et_pb_section fb_built=\u00bb1&#8243; _builder_version=\u00bb4.7.3&#8243; _module_preset=\u00bbdefault\u00bb custom_padding=\u00bb15px||14px|||\u00bb global_module=\u00bb75&#8243; saved_tabs=\u00bball\u00bb][et_pb_row _builder_version=\u00bb4.7.3&#8243; _module_preset=\u00bbdefault\u00bb custom_padding=\u00bb26px||8px|||\u00bb][et_pb_column type=\u00bb4_4&#8243; _builder_version=\u00bb4.7.3&#8243; _module_preset=\u00bbdefault\u00bb][et_pb_image src=\u00bbhttps:\/\/inquieta.cat\/wp-content\/uploads\/2020\/11\/La-Inquieta.png\u00bb title_text=\u00bbLa Inquieta\u00bb align_tablet=\u00bbcenter\u00bb align_phone=\u00bbcenter\u00bb align_last_edited=\u00bbon|phone\u00bb _builder_version=\u00bb4.7.3&#8243; _module_preset=\u00bbdefault\u00bb width=\u00bb13%\u00bb width_tablet=\u00bb32%\u00bb width_phone=\u00bb50%\u00bb width_last_edited=\u00bbon|phone\u00bb max_width_tablet=\u00bb\u00bb max_width_phone=\u00bb\u00bb max_width_last_edited=\u00bbon|phone\u00bb module_alignment=\u00bbleft\u00bb module_alignment_tablet=\u00bbcenter\u00bb module_alignment_phone=\u00bbcenter\u00bb module_alignment_last_edited=\u00bbon|desktop\u00bb][\/et_pb_image][\/et_pb_column][\/et_pb_row][et_pb_row column_structure=\u00bb1_2,1_2&#8243; _builder_version=\u00bb4.7.3&#8243; _module_preset=\u00bbdefault\u00bb custom_padding=\u00bb15px||15px|||\u00bb][et_pb_column type=\u00bb1_2&#8243; _builder_version=\u00bb4.7.3&#8243; _module_preset=\u00bbdefault\u00bb][et_pb_text _builder_version=\u00bb4.7.3&#8243; _module_preset=\u00bbdefault\u00bb text_font=\u00bbandele||||||||\u00bb custom_margin=\u00bb||3px|||\u00bb text_orientation_tablet=\u00bb\u00bb text_orientation_phone=\u00bbcenter\u00bb text_orientation_last_edited=\u00bbon|phone\u00bb]<\/p>\n<p>LA IN.QUIETA &#8211; compa\u00f1\u00eda art\u00edstica<\/p>\n<p>[\/et_pb_text][\/et_pb_column][et_pb_column type=\u00bb1_2&#8243; _builder_version=\u00bb4.7.3&#8243; _module_preset=\u00bbdefault\u00bb][et_pb_text content_last_edited=\u00bboff|desktop\u00bb _builder_version=\u00bb4.7.3&#8243; _module_preset=\u00bbdefault\u00bb text_font=\u00bbandele||||||||\u00bb text_line_height=\u00bb2.6em\u00bb text_orientation=\u00bbright\u00bb text_orientation_tablet=\u00bbcenter\u00bb text_orientation_phone=\u00bbcenter\u00bb text_orientation_last_edited=\u00bbon|desktop\u00bb]<\/p>\n<p><a href=\"https:\/\/www.instagram.com\/la_in.quieta\/\" target=\"_blank\" rel=\"noopener noreferrer\"><img loading=\"lazy\" class=\"wp-image-569 alignnone size-medium\" src=\"https:\/\/inquieta.cat\/wp-content\/uploads\/\/2020\/11\/instagram-1.svg\" alt=\"\" width=\"18\" height=\"18\" srcset=\"https:\/\/inquieta.cat\/wp-content\/uploads\/\/2020\/11\/instagram-1.svg 150w, https:\/\/inquieta.cat\/wp-content\/uploads\/\/2020\/11\/instagram-1.svg 300w, https:\/\/inquieta.cat\/wp-content\/uploads\/\/2020\/11\/instagram-1.svg 1024w, https:\/\/inquieta.cat\/wp-content\/uploads\/\/2020\/11\/instagram-1.svg 20w\" sizes=\"(max-width: 18px) 100vw, 18px\" \/><\/a>\u00a0 +34 646 26 09 74\u00a0 \u00a0 \u00a0<a href=\"mailto:info@lainquieta.cat\">info@inquieta.cat<\/a><span style=\"font-size: 14px;\">\u00a0<\/span><\/p>\n<p>[\/et_pb_text][\/et_pb_column][\/et_pb_row][\/et_pb_section]<\/p>\n","protected":false},"excerpt":{"rendered":"<p>[et_pb_section fb_built=\u00bb1&#8243; custom_padding_last_edited=\u00bbon|phone\u00bb _builder_version=\u00bb4.7.3&#8243; _module_preset=\u00bbdefault\u00bb custom_margin=\u00bb||-1px|||\u00bb custom_padding_tablet=\u00bb\u00bb custom_padding_phone=\u00bb0px||||false|false\u00bb][et_pb_row column_structure=\u00bb1_2,1_2&#8243; _builder_version=\u00bb4.7.3&#8243; _module_preset=\u00bbdefault\u00bb][et_pb_column type=\u00bb1_2&#8243; _builder_version=\u00bb4.7.3&#8243; _module_preset=\u00bbdefault\u00bb] [et_pb_video src=\u00bbhttps:\/\/youtu.be\/-nKYNLw4q6E\u00bb _builder_version=\u00bb4.7.3&#8243; _module_preset=\u00bbdefault\u00bb hover_enabled=\u00bb0&#8243; sticky_enabled=\u00bb0&#8243;][\/et_pb_video] [\/et_pb_column][et_pb_column type=\u00bb1_2&#8243; _builder_version=\u00bb4.7.3&#8243; _module_preset=\u00bbdefault\u00bb][et_pb_text module_class=\u00bbpa-bold-highlight\u00bb _builder_version=\u00bb4.7.3&#8243; _module_preset=\u00bbdefault\u00bb text_font=\u00bbandele||||||||\u00bb text_text_color=\u00bb#424242&#8243; header_font=\u00bbandele||||||||\u00bb header_font_size=\u00bb33px\u00bb header_line_height=\u00bb1.6em\u00bb header_3_line_height=\u00bb1.9em\u00bb] PRESENTACI\u00d3N LA IN.QUIETA es una compa\u00f1\u00eda art\u00edstica, impulsada y coordinada por Noem\u00ed Duran, que ensaya maneras de poner en juego conocimientos, explorando [&hellip;]<\/p>\n","protected":false},"author":1,"featured_media":0,"parent":0,"menu_order":0,"comment_status":"closed","ping_status":"closed","template":"","meta":{"_et_pb_use_builder":"on","_et_pb_old_content":"","_et_gb_content_width":""},"_links":{"self":[{"href":"https:\/\/inquieta.cat\/es\/wp-json\/wp\/v2\/pages\/610"}],"collection":[{"href":"https:\/\/inquieta.cat\/es\/wp-json\/wp\/v2\/pages"}],"about":[{"href":"https:\/\/inquieta.cat\/es\/wp-json\/wp\/v2\/types\/page"}],"author":[{"embeddable":true,"href":"https:\/\/inquieta.cat\/es\/wp-json\/wp\/v2\/users\/1"}],"replies":[{"embeddable":true,"href":"https:\/\/inquieta.cat\/es\/wp-json\/wp\/v2\/comments?post=610"}],"version-history":[{"count":8,"href":"https:\/\/inquieta.cat\/es\/wp-json\/wp\/v2\/pages\/610\/revisions"}],"predecessor-version":[{"id":673,"href":"https:\/\/inquieta.cat\/es\/wp-json\/wp\/v2\/pages\/610\/revisions\/673"}],"wp:attachment":[{"href":"https:\/\/inquieta.cat\/es\/wp-json\/wp\/v2\/media?parent=610"}],"curies":[{"name":"wp","href":"https:\/\/api.w.org\/{rel}","templated":true}]}}