{"id":606,"date":"2021-07-30T09:54:04","date_gmt":"2021-07-30T09:54:04","guid":{"rendered":"https:\/\/inquieta.cat\/inicio\/"},"modified":"2021-07-30T10:37:01","modified_gmt":"2021-07-30T10:37:01","slug":"inicio","status":"publish","type":"page","link":"https:\/\/inquieta.cat\/es\/","title":{"rendered":"Inicio"},"content":{"rendered":"<p>[et_pb_section fb_built=\u00bb1&#8243; custom_padding_last_edited=\u00bbon|phone\u00bb _builder_version=\u00bb4.7.3&#8243; background_image=\u00bbhttps:\/\/inquieta.cat\/wp-content\/uploads\/2020\/11\/La-inquieta-companyia-artistica-scaled.jpg\u00bb custom_padding=\u00bb26vh||52vh||false|false\u00bb custom_padding_tablet=\u00bb20vh||20vh||true|false\u00bb custom_padding_phone=\u00bb24vh||41vh||false|false\u00bb filter_saturate=\u00bb106%\u00bb filter_brightness=\u00bb105%\u00bb filter_contrast=\u00bb103%\u00bb filter_opacity=\u00bb77%\u00bb hover_enabled=\u00bb0&#8243; link_option_url=\u00bbhttps:\/\/inquieta.cat\/presentacio\/\u00bb sticky_enabled=\u00bb0&#8243;][et_pb_row _builder_version=\u00bb4.7.3&#8243; _module_preset=\u00bbdefault\u00bb][et_pb_column type=\u00bb4_4&#8243; _builder_version=\u00bb4.7.3&#8243; _module_preset=\u00bbdefault\u00bb][et_pb_text _builder_version=\u00bb4.7.3&#8243; _module_preset=\u00bbdefault\u00bb text_font=\u00bbandele||||||||\u00bb text_text_color=\u00bb#ffffff\u00bb text_font_size=\u00bb24px\u00bb text_letter_spacing=\u00bb5px\u00bb text_line_height=\u00bb3em\u00bb header_font=\u00bbandele||||||||\u00bb header_text_color=\u00bb#ffffff\u00bb header_font_size=\u00bb100px\u00bb header_letter_spacing=\u00bb1px\u00bb custom_padding_tablet=\u00bb\u00bb custom_padding_phone=\u00bb\u00bb custom_padding_last_edited=\u00bbon|phone\u00bb hover_enabled=\u00bb0&#8243; text_font_size_tablet=\u00bb\u00bb text_font_size_phone=\u00bb17px\u00bb text_font_size_last_edited=\u00bbon|phone\u00bb header_font_size_tablet=\u00bb\u00bb header_font_size_phone=\u00bb35px\u00bb header_font_size_last_edited=\u00bbon|phone\u00bb link_option_url=\u00bbhttps:\/\/inquieta.cat\/es\/presentacion\/\u00bb sticky_enabled=\u00bb0&#8243;]<\/p>\n<h1 style=\"text-align: center;\">La IN.QUIETA<\/h1>\n<p style=\"text-align: center;\">compa\u00f1\u00eda art\u00edstica<\/p>\n<p>[\/et_pb_text][\/et_pb_column][\/et_pb_row][\/et_pb_section]<\/p>\n","protected":false},"excerpt":{"rendered":"<p>[et_pb_section fb_built=\u00bb1&#8243; custom_padding_last_edited=\u00bbon|phone\u00bb _builder_version=\u00bb4.7.3&#8243; background_image=\u00bbhttps:\/\/inquieta.cat\/wp-content\/uploads\/2020\/11\/La-inquieta-companyia-artistica-scaled.jpg\u00bb custom_padding=\u00bb26vh||52vh||false|false\u00bb custom_padding_tablet=\u00bb20vh||20vh||true|false\u00bb custom_padding_phone=\u00bb24vh||41vh||false|false\u00bb filter_saturate=\u00bb106%\u00bb filter_brightness=\u00bb105%\u00bb filter_contrast=\u00bb103%\u00bb filter_opacity=\u00bb77%\u00bb hover_enabled=\u00bb0&#8243; link_option_url=\u00bbhttps:\/\/inquieta.cat\/presentacio\/\u00bb sticky_enabled=\u00bb0&#8243;][et_pb_row _builder_version=\u00bb4.7.3&#8243; _module_preset=\u00bbdefault\u00bb][et_pb_column type=\u00bb4_4&#8243; _builder_version=\u00bb4.7.3&#8243; _module_preset=\u00bbdefault\u00bb][et_pb_text _builder_version=\u00bb4.7.3&#8243; _module_preset=\u00bbdefault\u00bb text_font=\u00bbandele||||||||\u00bb text_text_color=\u00bb#ffffff\u00bb text_font_size=\u00bb24px\u00bb text_letter_spacing=\u00bb5px\u00bb text_line_height=\u00bb3em\u00bb header_font=\u00bbandele||||||||\u00bb header_text_color=\u00bb#ffffff\u00bb header_font_size=\u00bb100px\u00bb header_letter_spacing=\u00bb1px\u00bb custom_padding_tablet=\u00bb\u00bb custom_padding_phone=\u00bb\u00bb custom_padding_last_edited=\u00bbon|phone\u00bb hover_enabled=\u00bb0&#8243; text_font_size_tablet=\u00bb\u00bb text_font_size_phone=\u00bb17px\u00bb text_font_size_last_edited=\u00bbon|phone\u00bb header_font_size_tablet=\u00bb\u00bb header_font_size_phone=\u00bb35px\u00bb header_font_size_last_edited=\u00bbon|phone\u00bb link_option_url=\u00bbhttps:\/\/inquieta.cat\/es\/presentacion\/\u00bb sticky_enabled=\u00bb0&#8243;] La IN.QUIETA compa\u00f1\u00eda art\u00edstica [\/et_pb_text][\/et_pb_column][\/et_pb_row][\/et_pb_section]<\/p>\n","protected":false},"author":1,"featured_media":0,"parent":0,"menu_order":0,"comment_status":"closed","ping_status":"open","template":"","meta":{"_et_pb_use_builder":"on","_et_pb_old_content":"","_et_gb_content_width":""},"_links":{"self":[{"href":"https:\/\/inquieta.cat\/es\/wp-json\/wp\/v2\/pages\/606"}],"collection":[{"href":"https:\/\/inquieta.cat\/es\/wp-json\/wp\/v2\/pages"}],"about":[{"href":"https:\/\/inquieta.cat\/es\/wp-json\/wp\/v2\/types\/page"}],"author":[{"embeddable":true,"href":"https:\/\/inquieta.cat\/es\/wp-json\/wp\/v2\/users\/1"}],"replies":[{"embeddable":true,"href":"https:\/\/inquieta.cat\/es\/wp-json\/wp\/v2\/comments?post=606"}],"version-history":[{"count":3,"href":"https:\/\/inquieta.cat\/es\/wp-json\/wp\/v2\/pages\/606\/revisions"}],"predecessor-version":[{"id":628,"href":"https:\/\/inquieta.cat\/es\/wp-json\/wp\/v2\/pages\/606\/revisions\/628"}],"wp:attachment":[{"href":"https:\/\/inquieta.cat\/es\/wp-json\/wp\/v2\/media?parent=606"}],"curies":[{"name":"wp","href":"https:\/\/api.w.org\/{rel}","templated":true}]}}